{"id":408,"date":"2025-08-16T08:17:12","date_gmt":"2025-08-16T08:17:12","guid":{"rendered":"https:\/\/mojcazaloznik.com\/?page_id=408"},"modified":"2025-09-02T20:45:38","modified_gmt":"2025-09-02T20:45:38","slug":"sculpture-porcelain","status":"publish","type":"page","link":"https:\/\/mojcazaloznik.com\/?page_id=408","title":{"rendered":"Kiparstvo &#8211; porcelan, steklo\/Sculpture &#8211; porcelain, glass"},"content":{"rendered":"<div class=\"wp-block-group alignfull has-global-padding is-layout-constrained wp-container-core-group-is-layout-490fa1db wp-block-group-is-layout-constrained\" style=\"padding-top:var(--wp--preset--spacing--50);padding-right:var(--wp--preset--spacing--50);padding-bottom:var(--wp--preset--spacing--50);padding-left:var(--wp--preset--spacing--50)\"><div style=\"height:var(--wp--preset--spacing--30)\" aria-hidden=\"true\" class=\"wp-block-spacer\"><\/div>\n\n<figure class=\"wp-block-image alignwide size-full is-style-default\"><img loading=\"lazy\" decoding=\"async\" width=\"1920\" height=\"2560\" src=\"https:\/\/mojcazaloznik.com\/wp-content\/uploads\/2025\/08\/20230909_203522-scaled.jpg\" alt=\"\" class=\"wp-image-337\" srcset=\"https:\/\/mojcazaloznik.com\/wp-content\/uploads\/2025\/08\/20230909_203522-scaled.jpg 1920w, https:\/\/mojcazaloznik.com\/wp-content\/uploads\/2025\/08\/20230909_203522-225x300.jpg 225w, https:\/\/mojcazaloznik.com\/wp-content\/uploads\/2025\/08\/20230909_203522-768x1024.jpg 768w, https:\/\/mojcazaloznik.com\/wp-content\/uploads\/2025\/08\/20230909_203522-1152x1536.jpg 1152w, https:\/\/mojcazaloznik.com\/wp-content\/uploads\/2025\/08\/20230909_203522-1536x2048.jpg 1536w, https:\/\/mojcazaloznik.com\/wp-content\/uploads\/2025\/08\/20230909_203522-9x12.jpg 9w, https:\/\/mojcazaloznik.com\/wp-content\/uploads\/2025\/08\/20230909_203522-600x800.jpg 600w\" sizes=\"auto, (max-width: 1920px) 100vw, 1920px\" \/><\/figure>\n\n<p>Porcelan obro\u010di 2 r = 86 cm, vi\u0161ina 10 cm, debelina 1 cm, gan filtriran porcelan na dun, dve formi oddities po kalupu\/Porcelain rings 2r= 86 cm, height 10 cm, thickness 1cm, fired filtered porcelain at the bottom, 2 small porcelain forms<\/p>\n\n<figure class=\"wp-block-image size-large is-resized\"><img loading=\"lazy\" decoding=\"async\" width=\"576\" height=\"1024\" src=\"https:\/\/mojcazaloznik.com\/wp-content\/uploads\/2025\/08\/IMG_20191119_154534-576x1024.jpg\" alt=\"\" class=\"wp-image-322\" style=\"width:620px;height:auto\" srcset=\"https:\/\/mojcazaloznik.com\/wp-content\/uploads\/2025\/08\/IMG_20191119_154534-576x1024.jpg 576w, https:\/\/mojcazaloznik.com\/wp-content\/uploads\/2025\/08\/IMG_20191119_154534-169x300.jpg 169w, https:\/\/mojcazaloznik.com\/wp-content\/uploads\/2025\/08\/IMG_20191119_154534-768x1365.jpg 768w, https:\/\/mojcazaloznik.com\/wp-content\/uploads\/2025\/08\/IMG_20191119_154534-864x1536.jpg 864w, https:\/\/mojcazaloznik.com\/wp-content\/uploads\/2025\/08\/IMG_20191119_154534-1152x2048.jpg 1152w, https:\/\/mojcazaloznik.com\/wp-content\/uploads\/2025\/08\/IMG_20191119_154534-7x12.jpg 7w, https:\/\/mojcazaloznik.com\/wp-content\/uploads\/2025\/08\/IMG_20191119_154534-600x1067.jpg 600w, https:\/\/mojcazaloznik.com\/wp-content\/uploads\/2025\/08\/IMG_20191119_154534-scaled.jpg 1440w\" sizes=\"auto, (max-width: 576px) 100vw, 576px\" \/><\/figure>\n\n<p>Porcelan inkubator, plo\u0161\u010dice z luknjami\/Porcelain, tiles with holes<\/p>\n\n<figure class=\"wp-block-image size-full\"><img loading=\"lazy\" decoding=\"async\" width=\"2560\" height=\"1440\" src=\"https:\/\/mojcazaloznik.com\/wp-content\/uploads\/2025\/08\/Kopija-dokumenta-20191004_164057-scaled.jpg\" alt=\"\" class=\"wp-image-410\" srcset=\"https:\/\/mojcazaloznik.com\/wp-content\/uploads\/2025\/08\/Kopija-dokumenta-20191004_164057-scaled.jpg 2560w, https:\/\/mojcazaloznik.com\/wp-content\/uploads\/2025\/08\/Kopija-dokumenta-20191004_164057-300x169.jpg 300w, https:\/\/mojcazaloznik.com\/wp-content\/uploads\/2025\/08\/Kopija-dokumenta-20191004_164057-1024x576.jpg 1024w, https:\/\/mojcazaloznik.com\/wp-content\/uploads\/2025\/08\/Kopija-dokumenta-20191004_164057-768x432.jpg 768w, https:\/\/mojcazaloznik.com\/wp-content\/uploads\/2025\/08\/Kopija-dokumenta-20191004_164057-1536x864.jpg 1536w, https:\/\/mojcazaloznik.com\/wp-content\/uploads\/2025\/08\/Kopija-dokumenta-20191004_164057-2048x1152.jpg 2048w, https:\/\/mojcazaloznik.com\/wp-content\/uploads\/2025\/08\/Kopija-dokumenta-20191004_164057-18x10.jpg 18w, https:\/\/mojcazaloznik.com\/wp-content\/uploads\/2025\/08\/Kopija-dokumenta-20191004_164057-600x338.jpg 600w\" sizes=\"auto, (max-width: 2560px) 100vw, 2560px\" \/><\/figure>\n\n<p>Porcelan, inkubator, plo\u0161\u010dice, manj\u0161e forme\/porcelain, incubator, tiles with holes, smaller forms<\/p>\n\n<figure class=\"wp-block-image size-large\"><img loading=\"lazy\" decoding=\"async\" width=\"1024\" height=\"683\" src=\"https:\/\/mojcazaloznik.com\/wp-content\/uploads\/2025\/08\/85A0996_Photo_Miha_Godec-1024x683.jpg\" alt=\"\" class=\"wp-image-412\" srcset=\"https:\/\/mojcazaloznik.com\/wp-content\/uploads\/2025\/08\/85A0996_Photo_Miha_Godec-1024x683.jpg 1024w, https:\/\/mojcazaloznik.com\/wp-content\/uploads\/2025\/08\/85A0996_Photo_Miha_Godec-300x200.jpg 300w, https:\/\/mojcazaloznik.com\/wp-content\/uploads\/2025\/08\/85A0996_Photo_Miha_Godec-768x512.jpg 768w, https:\/\/mojcazaloznik.com\/wp-content\/uploads\/2025\/08\/85A0996_Photo_Miha_Godec-1536x1024.jpg 1536w, https:\/\/mojcazaloznik.com\/wp-content\/uploads\/2025\/08\/85A0996_Photo_Miha_Godec-2048x1365.jpg 2048w, https:\/\/mojcazaloznik.com\/wp-content\/uploads\/2025\/08\/85A0996_Photo_Miha_Godec-18x12.jpg 18w, https:\/\/mojcazaloznik.com\/wp-content\/uploads\/2025\/08\/85A0996_Photo_Miha_Godec-600x400.jpg 600w\" sizes=\"auto, (max-width: 1024px) 100vw, 1024px\" \/><\/figure>\n\n<p>Porcelan, inkubator\/Porcelain, incubator<\/p>\n\n<figure class=\"wp-block-image size-large\"><img loading=\"lazy\" decoding=\"async\" width=\"1024\" height=\"576\" src=\"https:\/\/mojcazaloznik.com\/wp-content\/uploads\/2025\/08\/20190514_183023-1024x576.jpg\" alt=\"\" class=\"wp-image-413\" srcset=\"https:\/\/mojcazaloznik.com\/wp-content\/uploads\/2025\/08\/20190514_183023-1024x576.jpg 1024w, https:\/\/mojcazaloznik.com\/wp-content\/uploads\/2025\/08\/20190514_183023-300x169.jpg 300w, https:\/\/mojcazaloznik.com\/wp-content\/uploads\/2025\/08\/20190514_183023-768x432.jpg 768w, https:\/\/mojcazaloznik.com\/wp-content\/uploads\/2025\/08\/20190514_183023-1536x864.jpg 1536w, https:\/\/mojcazaloznik.com\/wp-content\/uploads\/2025\/08\/20190514_183023-2048x1152.jpg 2048w, https:\/\/mojcazaloznik.com\/wp-content\/uploads\/2025\/08\/20190514_183023-18x10.jpg 18w, https:\/\/mojcazaloznik.com\/wp-content\/uploads\/2025\/08\/20190514_183023-600x338.jpg 600w\" sizes=\"auto, (max-width: 1024px) 100vw, 1024px\" \/><\/figure>\n\n<p>Porcelan, plo\u0161\u010dica &#8211; naluknjana, manj\u0161e forme\/Porcelain, tile with holes, small formes<\/p>\n\n<p>Steklo\/Glass<\/p>\n\n<figure class=\"wp-block-image size-large\"><img loading=\"lazy\" decoding=\"async\" width=\"1024\" height=\"768\" src=\"https:\/\/mojcazaloznik.com\/wp-content\/uploads\/2025\/09\/obroc-1024x768.jpeg\" alt=\"\" class=\"wp-image-860\" srcset=\"https:\/\/mojcazaloznik.com\/wp-content\/uploads\/2025\/09\/obroc-1024x768.jpeg 1024w, https:\/\/mojcazaloznik.com\/wp-content\/uploads\/2025\/09\/obroc-300x225.jpeg 300w, https:\/\/mojcazaloznik.com\/wp-content\/uploads\/2025\/09\/obroc-768x576.jpeg 768w, https:\/\/mojcazaloznik.com\/wp-content\/uploads\/2025\/09\/obroc-1536x1152.jpeg 1536w, https:\/\/mojcazaloznik.com\/wp-content\/uploads\/2025\/09\/obroc-16x12.jpeg 16w, https:\/\/mojcazaloznik.com\/wp-content\/uploads\/2025\/09\/obroc-600x450.jpeg 600w, https:\/\/mojcazaloznik.com\/wp-content\/uploads\/2025\/09\/obroc.jpeg 1920w\" sizes=\"auto, (max-width: 1024px) 100vw, 1024px\" \/><\/figure>\n\n<p>Steklo obro\u010d, debelina 2 cm, \u0161irina 25 cm, vi\u0161ina 9 cm\/Glass ring, thickness 2 cm, width 25 cm, height 9 cm<\/p>\n\n<figure class=\"wp-block-image size-large\"><img loading=\"lazy\" decoding=\"async\" width=\"1024\" height=\"768\" src=\"https:\/\/mojcazaloznik.com\/wp-content\/uploads\/2025\/08\/20230112_114617-1024x768.jpg\" alt=\"\" class=\"wp-image-394\" srcset=\"https:\/\/mojcazaloznik.com\/wp-content\/uploads\/2025\/08\/20230112_114617-1024x768.jpg 1024w, https:\/\/mojcazaloznik.com\/wp-content\/uploads\/2025\/08\/20230112_114617-300x225.jpg 300w, https:\/\/mojcazaloznik.com\/wp-content\/uploads\/2025\/08\/20230112_114617-768x576.jpg 768w, https:\/\/mojcazaloznik.com\/wp-content\/uploads\/2025\/08\/20230112_114617-1536x1152.jpg 1536w, https:\/\/mojcazaloznik.com\/wp-content\/uploads\/2025\/08\/20230112_114617-2048x1536.jpg 2048w, https:\/\/mojcazaloznik.com\/wp-content\/uploads\/2025\/08\/20230112_114617-16x12.jpg 16w, https:\/\/mojcazaloznik.com\/wp-content\/uploads\/2025\/08\/20230112_114617-600x450.jpg 600w\" sizes=\"auto, (max-width: 1024px) 100vw, 1024px\" \/><\/figure>\n\n<p>Steklo paneli detajl, graviranje, posip, fuzija\/ Glass panels detail, engraving, sprinkling, fusion<\/p>\n\n<figure class=\"wp-block-image size-large\"><img loading=\"lazy\" decoding=\"async\" width=\"1352\" height=\"1014\" src=\"https:\/\/mojcazaloznik.com\/wp-content\/uploads\/2025\/09\/impetus-edited.jpeg\" alt=\"\" class=\"wp-image-863\" srcset=\"https:\/\/mojcazaloznik.com\/wp-content\/uploads\/2025\/09\/impetus-edited.jpeg 1352w, https:\/\/mojcazaloznik.com\/wp-content\/uploads\/2025\/09\/impetus-edited-300x225.jpeg 300w, https:\/\/mojcazaloznik.com\/wp-content\/uploads\/2025\/09\/impetus-edited-1024x768.jpeg 1024w, https:\/\/mojcazaloznik.com\/wp-content\/uploads\/2025\/09\/impetus-edited-768x576.jpeg 768w, https:\/\/mojcazaloznik.com\/wp-content\/uploads\/2025\/09\/impetus-edited-16x12.jpeg 16w, https:\/\/mojcazaloznik.com\/wp-content\/uploads\/2025\/09\/impetus-edited-600x450.jpeg 600w\" sizes=\"auto, (max-width: 1352px) 100vw, 1352px\" \/><\/figure>\n\n<p>Steklo 100 cm x 100 cm gravarna in jedkana stekelena plo\u0161\u010da, 9 stekelnih form &#8211; ulivanje (tehnika izgubljenega voska)\/Glass 100 cm x 100 cm engraved and etched glass plate, 9 glass molds &#8211; casting (lost wax technique)<\/p>\n\n<figure class=\"wp-block-image size-large is-resized\"><img loading=\"lazy\" decoding=\"async\" width=\"584\" height=\"1024\" src=\"https:\/\/mojcazaloznik.com\/wp-content\/uploads\/2025\/09\/thumbnail_IMG_0082-584x1024.jpg\" alt=\"\" class=\"wp-image-865\" style=\"width:602px;height:auto\" srcset=\"https:\/\/mojcazaloznik.com\/wp-content\/uploads\/2025\/09\/thumbnail_IMG_0082-584x1024.jpg 584w, https:\/\/mojcazaloznik.com\/wp-content\/uploads\/2025\/09\/thumbnail_IMG_0082-171x300.jpg 171w, https:\/\/mojcazaloznik.com\/wp-content\/uploads\/2025\/09\/thumbnail_IMG_0082-768x1346.jpg 768w, https:\/\/mojcazaloznik.com\/wp-content\/uploads\/2025\/09\/thumbnail_IMG_0082-876x1536.jpg 876w, https:\/\/mojcazaloznik.com\/wp-content\/uploads\/2025\/09\/thumbnail_IMG_0082-1169x2048.jpg 1169w, https:\/\/mojcazaloznik.com\/wp-content\/uploads\/2025\/09\/thumbnail_IMG_0082-7x12.jpg 7w, https:\/\/mojcazaloznik.com\/wp-content\/uploads\/2025\/09\/thumbnail_IMG_0082-600x1051.jpg 600w, https:\/\/mojcazaloznik.com\/wp-content\/uploads\/2025\/09\/thumbnail_IMG_0082-scaled.jpg 1461w\" sizes=\"auto, (max-width: 584px) 100vw, 584px\" \/><\/figure>\n\n<p>Steklo, kelih (tehnika izgubljenega voska\/ Glass chalice (lost wax technique)<\/p>\n\n<figure class=\"wp-block-image size-large\"><img loading=\"lazy\" decoding=\"async\" width=\"1024\" height=\"889\" src=\"https:\/\/mojcazaloznik.com\/wp-content\/uploads\/2025\/09\/20240921_175409-1024x889.jpg\" alt=\"\" class=\"wp-image-868\" srcset=\"https:\/\/mojcazaloznik.com\/wp-content\/uploads\/2025\/09\/20240921_175409-1024x889.jpg 1024w, https:\/\/mojcazaloznik.com\/wp-content\/uploads\/2025\/09\/20240921_175409-300x260.jpg 300w, https:\/\/mojcazaloznik.com\/wp-content\/uploads\/2025\/09\/20240921_175409-768x667.jpg 768w, https:\/\/mojcazaloznik.com\/wp-content\/uploads\/2025\/09\/20240921_175409-1536x1334.jpg 1536w, https:\/\/mojcazaloznik.com\/wp-content\/uploads\/2025\/09\/20240921_175409-2048x1778.jpg 2048w, https:\/\/mojcazaloznik.com\/wp-content\/uploads\/2025\/09\/20240921_175409-14x12.jpg 14w, https:\/\/mojcazaloznik.com\/wp-content\/uploads\/2025\/09\/20240921_175409-600x521.jpg 600w\" sizes=\"auto, (max-width: 1024px) 100vw, 1024px\" \/><\/figure>\n\n<p>Steklo obro\u010d, premer 50 cm, vi\u0161ina 3 cm, debelina 5 cm, ulivanje stekla po kalupu\/Glass ring, diameter 50 cm, height 3 cm, thickness 5 cm, glass casting after mold<\/p><\/div>","protected":false},"excerpt":{"rendered":"<p>Porcelan obro\u010di 2 r = 86 cm, vi\u0161ina 10 cm, debelina 1 cm, gan filtriran porcelan na dun, dve formi oddities po kalupu\/Porcelain rings 2r= 86 cm, height 10 cm, thickness 1cm, fired filtered porcelain at the bottom, 2 small porcelain forms Porcelan inkubator, plo\u0161\u010dice z luknjami\/Porcelain, tiles with holes Porcelan, inkubator, plo\u0161\u010dice, manj\u0161e forme\/porcelain, [&hellip;]<\/p>\n","protected":false},"author":1,"featured_media":0,"parent":0,"menu_order":0,"comment_status":"closed","ping_status":"closed","template":"","meta":{"footnotes":""},"class_list":["post-408","page","type-page","status-publish","hentry"],"yoast_head":"<!-- This site is optimized with the Yoast SEO plugin v24.6 - https:\/\/yoast.com\/wordpress\/plugins\/seo\/ -->\n<title>Kiparstvo - porcelan, steklo\/Sculpture - porcelain, glass - mojcazaloznik.com<\/title>\n<meta name=\"robots\" content=\"index, follow, max-snippet:-1, max-image-preview:large, max-video-preview:-1\" \/>\n<link rel=\"canonical\" href=\"https:\/\/mojcazaloznik.com\/?page_id=408\" \/>\n<meta property=\"og:locale\" content=\"en_US\" \/>\n<meta property=\"og:type\" content=\"article\" \/>\n<meta property=\"og:title\" content=\"Kiparstvo - porcelan, steklo\/Sculpture - porcelain, glass - mojcazaloznik.com\" \/>\n<meta property=\"og:description\" content=\"Porcelan obro\u010di 2 r = 86 cm, vi\u0161ina 10 cm, debelina 1 cm, gan filtriran porcelan na dun, dve formi oddities po kalupu\/Porcelain rings 2r= 86 cm, height 10 cm, thickness 1cm, fired filtered porcelain at the bottom, 2 small porcelain forms Porcelan inkubator, plo\u0161\u010dice z luknjami\/Porcelain, tiles with holes Porcelan, inkubator, plo\u0161\u010dice, manj\u0161e forme\/porcelain, [&hellip;]\" \/>\n<meta property=\"og:url\" content=\"https:\/\/mojcazaloznik.com\/?page_id=408\" \/>\n<meta property=\"og:site_name\" content=\"mojcazaloznik.com\" \/>\n<meta property=\"article:modified_time\" content=\"2025-09-02T20:45:38+00:00\" \/>\n<meta property=\"og:image\" content=\"https:\/\/mojcazaloznik.com\/wp-content\/uploads\/2025\/08\/20230909_203522-scaled.jpg\" \/>\n\t<meta property=\"og:image:width\" content=\"1920\" \/>\n\t<meta property=\"og:image:height\" content=\"2560\" \/>\n\t<meta property=\"og:image:type\" content=\"image\/jpeg\" \/>\n<meta name=\"twitter:card\" content=\"summary_large_image\" \/>\n<meta name=\"twitter:label1\" content=\"Est. reading time\" \/>\n\t<meta name=\"twitter:data1\" content=\"1 minute\" \/>\n<script type=\"application\/ld+json\" class=\"yoast-schema-graph\">{\"@context\":\"https:\/\/schema.org\",\"@graph\":[{\"@type\":\"WebPage\",\"@id\":\"https:\/\/mojcazaloznik.com\/?page_id=408\",\"url\":\"https:\/\/mojcazaloznik.com\/?page_id=408\",\"name\":\"Kiparstvo - porcelan, steklo\/Sculpture - porcelain, glass - mojcazaloznik.com\",\"isPartOf\":{\"@id\":\"https:\/\/mojcazaloznik.com\/#website\"},\"primaryImageOfPage\":{\"@id\":\"https:\/\/mojcazaloznik.com\/?page_id=408#primaryimage\"},\"image\":{\"@id\":\"https:\/\/mojcazaloznik.com\/?page_id=408#primaryimage\"},\"thumbnailUrl\":\"https:\/\/mojcazaloznik.com\/wp-content\/uploads\/2025\/08\/20230909_203522-scaled.jpg\",\"datePublished\":\"2025-08-16T08:17:12+00:00\",\"dateModified\":\"2025-09-02T20:45:38+00:00\",\"breadcrumb\":{\"@id\":\"https:\/\/mojcazaloznik.com\/?page_id=408#breadcrumb\"},\"inLanguage\":\"en-US\",\"potentialAction\":[{\"@type\":\"ReadAction\",\"target\":[\"https:\/\/mojcazaloznik.com\/?page_id=408\"]}]},{\"@type\":\"ImageObject\",\"inLanguage\":\"en-US\",\"@id\":\"https:\/\/mojcazaloznik.com\/?page_id=408#primaryimage\",\"url\":\"https:\/\/mojcazaloznik.com\/wp-content\/uploads\/2025\/08\/20230909_203522-scaled.jpg\",\"contentUrl\":\"https:\/\/mojcazaloznik.com\/wp-content\/uploads\/2025\/08\/20230909_203522-scaled.jpg\",\"width\":1920,\"height\":2560},{\"@type\":\"BreadcrumbList\",\"@id\":\"https:\/\/mojcazaloznik.com\/?page_id=408#breadcrumb\",\"itemListElement\":[{\"@type\":\"ListItem\",\"position\":1,\"name\":\"Home\",\"item\":\"https:\/\/mojcazaloznik.com\/\"},{\"@type\":\"ListItem\",\"position\":2,\"name\":\"Kiparstvo &#8211; porcelan, steklo\/Sculpture &#8211; porcelain, glass\"}]},{\"@type\":\"WebSite\",\"@id\":\"https:\/\/mojcazaloznik.com\/#website\",\"url\":\"https:\/\/mojcazaloznik.com\/\",\"name\":\"mojcazaloznik.com\",\"description\":\"Bioart\",\"publisher\":{\"@id\":\"https:\/\/mojcazaloznik.com\/#organization\"},\"potentialAction\":[{\"@type\":\"SearchAction\",\"target\":{\"@type\":\"EntryPoint\",\"urlTemplate\":\"https:\/\/mojcazaloznik.com\/?s={search_term_string}\"},\"query-input\":{\"@type\":\"PropertyValueSpecification\",\"valueRequired\":true,\"valueName\":\"search_term_string\"}}],\"inLanguage\":\"en-US\"},{\"@type\":\"Organization\",\"@id\":\"https:\/\/mojcazaloznik.com\/#organization\",\"name\":\"mojcazaloznik.com\",\"url\":\"https:\/\/mojcazaloznik.com\/\",\"logo\":{\"@type\":\"ImageObject\",\"inLanguage\":\"en-US\",\"@id\":\"https:\/\/mojcazaloznik.com\/#\/schema\/logo\/image\/\",\"url\":\"https:\/\/mojcazaloznik.com\/wp-content\/uploads\/2025\/03\/KOLO2-2.png\",\"contentUrl\":\"https:\/\/mojcazaloznik.com\/wp-content\/uploads\/2025\/03\/KOLO2-2.png\",\"width\":752,\"height\":500,\"caption\":\"mojcazaloznik.com\"},\"image\":{\"@id\":\"https:\/\/mojcazaloznik.com\/#\/schema\/logo\/image\/\"}}]}<\/script>\n<!-- \/ Yoast SEO plugin. -->","yoast_head_json":{"title":"Kiparstvo - porcelan, steklo\/Sculpture - porcelain, glass - mojcazaloznik.com","robots":{"index":"index","follow":"follow","max-snippet":"max-snippet:-1","max-image-preview":"max-image-preview:large","max-video-preview":"max-video-preview:-1"},"canonical":"https:\/\/mojcazaloznik.com\/?page_id=408","og_locale":"en_US","og_type":"article","og_title":"Kiparstvo - porcelan, steklo\/Sculpture - porcelain, glass - mojcazaloznik.com","og_description":"Porcelan obro\u010di 2 r = 86 cm, vi\u0161ina 10 cm, debelina 1 cm, gan filtriran porcelan na dun, dve formi oddities po kalupu\/Porcelain rings 2r= 86 cm, height 10 cm, thickness 1cm, fired filtered porcelain at the bottom, 2 small porcelain forms Porcelan inkubator, plo\u0161\u010dice z luknjami\/Porcelain, tiles with holes Porcelan, inkubator, plo\u0161\u010dice, manj\u0161e forme\/porcelain, [&hellip;]","og_url":"https:\/\/mojcazaloznik.com\/?page_id=408","og_site_name":"mojcazaloznik.com","article_modified_time":"2025-09-02T20:45:38+00:00","og_image":[{"width":1920,"height":2560,"url":"https:\/\/mojcazaloznik.com\/wp-content\/uploads\/2025\/08\/20230909_203522-scaled.jpg","type":"image\/jpeg"}],"twitter_card":"summary_large_image","twitter_misc":{"Est. reading time":"1 minute"},"schema":{"@context":"https:\/\/schema.org","@graph":[{"@type":"WebPage","@id":"https:\/\/mojcazaloznik.com\/?page_id=408","url":"https:\/\/mojcazaloznik.com\/?page_id=408","name":"Kiparstvo - porcelan, steklo\/Sculpture - porcelain, glass - mojcazaloznik.com","isPartOf":{"@id":"https:\/\/mojcazaloznik.com\/#website"},"primaryImageOfPage":{"@id":"https:\/\/mojcazaloznik.com\/?page_id=408#primaryimage"},"image":{"@id":"https:\/\/mojcazaloznik.com\/?page_id=408#primaryimage"},"thumbnailUrl":"https:\/\/mojcazaloznik.com\/wp-content\/uploads\/2025\/08\/20230909_203522-scaled.jpg","datePublished":"2025-08-16T08:17:12+00:00","dateModified":"2025-09-02T20:45:38+00:00","breadcrumb":{"@id":"https:\/\/mojcazaloznik.com\/?page_id=408#breadcrumb"},"inLanguage":"en-US","potentialAction":[{"@type":"ReadAction","target":["https:\/\/mojcazaloznik.com\/?page_id=408"]}]},{"@type":"ImageObject","inLanguage":"en-US","@id":"https:\/\/mojcazaloznik.com\/?page_id=408#primaryimage","url":"https:\/\/mojcazaloznik.com\/wp-content\/uploads\/2025\/08\/20230909_203522-scaled.jpg","contentUrl":"https:\/\/mojcazaloznik.com\/wp-content\/uploads\/2025\/08\/20230909_203522-scaled.jpg","width":1920,"height":2560},{"@type":"BreadcrumbList","@id":"https:\/\/mojcazaloznik.com\/?page_id=408#breadcrumb","itemListElement":[{"@type":"ListItem","position":1,"name":"Home","item":"https:\/\/mojcazaloznik.com\/"},{"@type":"ListItem","position":2,"name":"Kiparstvo &#8211; porcelan, steklo\/Sculpture &#8211; porcelain, glass"}]},{"@type":"WebSite","@id":"https:\/\/mojcazaloznik.com\/#website","url":"https:\/\/mojcazaloznik.com\/","name":"mojcazaloznik.com","description":"Bioart","publisher":{"@id":"https:\/\/mojcazaloznik.com\/#organization"},"potentialAction":[{"@type":"SearchAction","target":{"@type":"EntryPoint","urlTemplate":"https:\/\/mojcazaloznik.com\/?s={search_term_string}"},"query-input":{"@type":"PropertyValueSpecification","valueRequired":true,"valueName":"search_term_string"}}],"inLanguage":"en-US"},{"@type":"Organization","@id":"https:\/\/mojcazaloznik.com\/#organization","name":"mojcazaloznik.com","url":"https:\/\/mojcazaloznik.com\/","logo":{"@type":"ImageObject","inLanguage":"en-US","@id":"https:\/\/mojcazaloznik.com\/#\/schema\/logo\/image\/","url":"https:\/\/mojcazaloznik.com\/wp-content\/uploads\/2025\/03\/KOLO2-2.png","contentUrl":"https:\/\/mojcazaloznik.com\/wp-content\/uploads\/2025\/03\/KOLO2-2.png","width":752,"height":500,"caption":"mojcazaloznik.com"},"image":{"@id":"https:\/\/mojcazaloznik.com\/#\/schema\/logo\/image\/"}}]}},"_links":{"self":[{"href":"https:\/\/mojcazaloznik.com\/index.php?rest_route=\/wp\/v2\/pages\/408","targetHints":{"allow":["GET"]}}],"collection":[{"href":"https:\/\/mojcazaloznik.com\/index.php?rest_route=\/wp\/v2\/pages"}],"about":[{"href":"https:\/\/mojcazaloznik.com\/index.php?rest_route=\/wp\/v2\/types\/page"}],"author":[{"embeddable":true,"href":"https:\/\/mojcazaloznik.com\/index.php?rest_route=\/wp\/v2\/users\/1"}],"replies":[{"embeddable":true,"href":"https:\/\/mojcazaloznik.com\/index.php?rest_route=%2Fwp%2Fv2%2Fcomments&post=408"}],"version-history":[{"count":5,"href":"https:\/\/mojcazaloznik.com\/index.php?rest_route=\/wp\/v2\/pages\/408\/revisions"}],"predecessor-version":[{"id":870,"href":"https:\/\/mojcazaloznik.com\/index.php?rest_route=\/wp\/v2\/pages\/408\/revisions\/870"}],"wp:attachment":[{"href":"https:\/\/mojcazaloznik.com\/index.php?rest_route=%2Fwp%2Fv2%2Fmedia&parent=408"}],"curies":[{"name":"wp","href":"https:\/\/api.w.org\/{rel}","templated":true}]}}