{"id":370,"date":"2025-08-15T15:20:30","date_gmt":"2025-08-15T15:20:30","guid":{"rendered":"https:\/\/mojcazaloznik.com\/?page_id=370"},"modified":"2025-08-27T21:02:21","modified_gmt":"2025-08-27T21:02:21","slug":"risbe-drawings","status":"publish","type":"page","link":"https:\/\/mojcazaloznik.com\/?page_id=370","title":{"rendered":"Risbe\/Drawings"},"content":{"rendered":"<div class=\"wp-block-group alignfull has-accent-2-background-color has-background has-global-padding is-layout-constrained wp-container-core-group-is-layout-669513ed wp-block-group-is-layout-constrained\" style=\"margin-top:0;margin-bottom:0;padding-top:var(--wp--preset--spacing--50);padding-right:var(--wp--preset--spacing--50);padding-bottom:var(--wp--preset--spacing--50);padding-left:var(--wp--preset--spacing--50)\"><div class=\"wp-block-columns alignwide is-layout-flex wp-container-core-columns-is-layout-28f84493 wp-block-columns-is-layout-flex\"><div class=\"wp-block-column is-layout-flow wp-block-column-is-layout-flow\" style=\"flex-basis:40%\"><p><\/p><\/div>\n\n<div class=\"wp-block-column is-layout-flow wp-block-column-is-layout-flow\" style=\"flex-basis:60%\"><p class=\"has-heading-font-family has-x-large-font-size\" style=\"line-height:1.2\"><\/p>\n\n<p>ZVITEK NESKON\u010cNOSTI 2007 Pef (Pedago\u0161ka fakulteta)<br>Gre za 50 m dolgo rolo papirja prvotno namenjeno za\u0161\u010diti tal pri pleskanju. Rolo sem uporabila, da sem nanjo z ogljem narisala razli\u010dne \u010drtne forme, ki spominjajo na telo. Vmes med njimi je prazen prostor. Rola je prikazana razgrnjena. Asociira na mrtva\u0161ki ples v cerkvi v Hrastovljah, kjer se naslikane figure, vmes pa so okostnjaki, vsi pa se pribli\u017eujejo smrti. Rola se nadalajuje v neskon\u010dnost in med \u010drtnimi formami je prazen prostor, ki je luknja, kamor lahko vstopa smrt ali pa \u017eivljenje.<\/p>\n\n<p>INFINITY SCROLL 2007 Pef (Faculty of education)<br>This is a 50 m long roll of paper originally intended to protect the floor when painting. I used the roll to draw various line forms on it with charcoal, reminiscent of a body. In between them is an empty space. The roll is shown unfolded. It is associated with the dance of death in the church in Hrastovlje, where the painted figures are interspersed with skeletons, all approaching death. The roll continues into infinity and between the line forms is an empty space, which is a hole where death or life can enter.<\/p><\/div><\/div>\n\n<div style=\"height:var(--wp--preset--spacing--40)\" aria-hidden=\"true\" class=\"wp-block-spacer\"><\/div>\n\n<figure class=\"wp-block-image alignwide size-large is-style-default\"><img loading=\"lazy\" decoding=\"async\" width=\"1024\" height=\"701\" src=\"https:\/\/mojcazaloznik.com\/wp-content\/uploads\/2025\/08\/thumbnail_IMG_0042-1024x701.jpg\" alt=\"\" class=\"wp-image-372\" srcset=\"https:\/\/mojcazaloznik.com\/wp-content\/uploads\/2025\/08\/thumbnail_IMG_0042-1024x701.jpg 1024w, https:\/\/mojcazaloznik.com\/wp-content\/uploads\/2025\/08\/thumbnail_IMG_0042-300x205.jpg 300w, https:\/\/mojcazaloznik.com\/wp-content\/uploads\/2025\/08\/thumbnail_IMG_0042-768x526.jpg 768w, https:\/\/mojcazaloznik.com\/wp-content\/uploads\/2025\/08\/thumbnail_IMG_0042-1536x1051.jpg 1536w, https:\/\/mojcazaloznik.com\/wp-content\/uploads\/2025\/08\/thumbnail_IMG_0042-18x12.jpg 18w, https:\/\/mojcazaloznik.com\/wp-content\/uploads\/2025\/08\/thumbnail_IMG_0042-600x411.jpg 600w, https:\/\/mojcazaloznik.com\/wp-content\/uploads\/2025\/08\/thumbnail_IMG_0042.jpg 1920w\" sizes=\"auto, (max-width: 1024px) 100vw, 1024px\" \/><\/figure>\n\n<p><\/p>\n\n<figure class=\"wp-block-image size-large\"><img loading=\"lazy\" decoding=\"async\" width=\"675\" height=\"1024\" src=\"https:\/\/mojcazaloznik.com\/wp-content\/uploads\/2025\/08\/thumbnail_IMG_0039-675x1024.jpg\" alt=\"\" class=\"wp-image-373\" srcset=\"https:\/\/mojcazaloznik.com\/wp-content\/uploads\/2025\/08\/thumbnail_IMG_0039-675x1024.jpg 675w, https:\/\/mojcazaloznik.com\/wp-content\/uploads\/2025\/08\/thumbnail_IMG_0039-198x300.jpg 198w, https:\/\/mojcazaloznik.com\/wp-content\/uploads\/2025\/08\/thumbnail_IMG_0039-768x1164.jpg 768w, https:\/\/mojcazaloznik.com\/wp-content\/uploads\/2025\/08\/thumbnail_IMG_0039-1013x1536.jpg 1013w, https:\/\/mojcazaloznik.com\/wp-content\/uploads\/2025\/08\/thumbnail_IMG_0039-1351x2048.jpg 1351w, https:\/\/mojcazaloznik.com\/wp-content\/uploads\/2025\/08\/thumbnail_IMG_0039-8x12.jpg 8w, https:\/\/mojcazaloznik.com\/wp-content\/uploads\/2025\/08\/thumbnail_IMG_0039-600x910.jpg 600w, https:\/\/mojcazaloznik.com\/wp-content\/uploads\/2025\/08\/thumbnail_IMG_0039-scaled.jpg 1688w\" sizes=\"auto, (max-width: 675px) 100vw, 675px\" \/><\/figure>\n\n<figure class=\"wp-block-image size-large\"><img loading=\"lazy\" decoding=\"async\" width=\"711\" height=\"1024\" src=\"https:\/\/mojcazaloznik.com\/wp-content\/uploads\/2025\/08\/thumbnail_IMG_0045-711x1024.jpg\" alt=\"\" class=\"wp-image-374\" srcset=\"https:\/\/mojcazaloznik.com\/wp-content\/uploads\/2025\/08\/thumbnail_IMG_0045-711x1024.jpg 711w, https:\/\/mojcazaloznik.com\/wp-content\/uploads\/2025\/08\/thumbnail_IMG_0045-208x300.jpg 208w, https:\/\/mojcazaloznik.com\/wp-content\/uploads\/2025\/08\/thumbnail_IMG_0045-768x1107.jpg 768w, https:\/\/mojcazaloznik.com\/wp-content\/uploads\/2025\/08\/thumbnail_IMG_0045-1066x1536.jpg 1066w, https:\/\/mojcazaloznik.com\/wp-content\/uploads\/2025\/08\/thumbnail_IMG_0045-1421x2048.jpg 1421w, https:\/\/mojcazaloznik.com\/wp-content\/uploads\/2025\/08\/thumbnail_IMG_0045-8x12.jpg 8w, https:\/\/mojcazaloznik.com\/wp-content\/uploads\/2025\/08\/thumbnail_IMG_0045-600x865.jpg 600w, https:\/\/mojcazaloznik.com\/wp-content\/uploads\/2025\/08\/thumbnail_IMG_0045-scaled.jpg 1776w\" sizes=\"auto, (max-width: 711px) 100vw, 711px\" \/><\/figure>\n\n<figure class=\"wp-block-image size-large\"><img loading=\"lazy\" decoding=\"async\" width=\"768\" height=\"1024\" src=\"https:\/\/mojcazaloznik.com\/wp-content\/uploads\/2025\/08\/thumbnail_IMG_0040-768x1024.jpg\" alt=\"\" class=\"wp-image-375\" srcset=\"https:\/\/mojcazaloznik.com\/wp-content\/uploads\/2025\/08\/thumbnail_IMG_0040-768x1024.jpg 768w, https:\/\/mojcazaloznik.com\/wp-content\/uploads\/2025\/08\/thumbnail_IMG_0040-225x300.jpg 225w, https:\/\/mojcazaloznik.com\/wp-content\/uploads\/2025\/08\/thumbnail_IMG_0040-1152x1536.jpg 1152w, https:\/\/mojcazaloznik.com\/wp-content\/uploads\/2025\/08\/thumbnail_IMG_0040-9x12.jpg 9w, https:\/\/mojcazaloznik.com\/wp-content\/uploads\/2025\/08\/thumbnail_IMG_0040-600x800.jpg 600w, https:\/\/mojcazaloznik.com\/wp-content\/uploads\/2025\/08\/thumbnail_IMG_0040.jpg 1440w\" sizes=\"auto, (max-width: 768px) 100vw, 768px\" \/><\/figure>\n\n<figure class=\"wp-block-image size-large\"><img loading=\"lazy\" decoding=\"async\" width=\"768\" height=\"1024\" src=\"https:\/\/mojcazaloznik.com\/wp-content\/uploads\/2025\/08\/thumbnail_IMG_0038-768x1024.jpg\" alt=\"\" class=\"wp-image-376\" srcset=\"https:\/\/mojcazaloznik.com\/wp-content\/uploads\/2025\/08\/thumbnail_IMG_0038-768x1024.jpg 768w, https:\/\/mojcazaloznik.com\/wp-content\/uploads\/2025\/08\/thumbnail_IMG_0038-225x300.jpg 225w, https:\/\/mojcazaloznik.com\/wp-content\/uploads\/2025\/08\/thumbnail_IMG_0038-1152x1536.jpg 1152w, https:\/\/mojcazaloznik.com\/wp-content\/uploads\/2025\/08\/thumbnail_IMG_0038-9x12.jpg 9w, https:\/\/mojcazaloznik.com\/wp-content\/uploads\/2025\/08\/thumbnail_IMG_0038-600x800.jpg 600w, https:\/\/mojcazaloznik.com\/wp-content\/uploads\/2025\/08\/thumbnail_IMG_0038.jpg 1440w\" sizes=\"auto, (max-width: 768px) 100vw, 768px\" \/><\/figure>\n\n<figure class=\"wp-block-image size-large\"><img loading=\"lazy\" decoding=\"async\" width=\"768\" height=\"1024\" src=\"https:\/\/mojcazaloznik.com\/wp-content\/uploads\/2025\/08\/thumbnail_IMG_0043-2-768x1024.jpg\" alt=\"\" class=\"wp-image-377\" srcset=\"https:\/\/mojcazaloznik.com\/wp-content\/uploads\/2025\/08\/thumbnail_IMG_0043-2-768x1024.jpg 768w, https:\/\/mojcazaloznik.com\/wp-content\/uploads\/2025\/08\/thumbnail_IMG_0043-2-225x300.jpg 225w, https:\/\/mojcazaloznik.com\/wp-content\/uploads\/2025\/08\/thumbnail_IMG_0043-2-1152x1536.jpg 1152w, https:\/\/mojcazaloznik.com\/wp-content\/uploads\/2025\/08\/thumbnail_IMG_0043-2-9x12.jpg 9w, https:\/\/mojcazaloznik.com\/wp-content\/uploads\/2025\/08\/thumbnail_IMG_0043-2-600x800.jpg 600w, https:\/\/mojcazaloznik.com\/wp-content\/uploads\/2025\/08\/thumbnail_IMG_0043-2.jpg 1440w\" sizes=\"auto, (max-width: 768px) 100vw, 768px\" \/><\/figure>\n\n<figure class=\"wp-block-image size-large\"><img loading=\"lazy\" decoding=\"async\" width=\"768\" height=\"1024\" src=\"https:\/\/mojcazaloznik.com\/wp-content\/uploads\/2025\/08\/thumbnail_IMG_0037-768x1024.jpg\" alt=\"\" class=\"wp-image-378\" srcset=\"https:\/\/mojcazaloznik.com\/wp-content\/uploads\/2025\/08\/thumbnail_IMG_0037-768x1024.jpg 768w, https:\/\/mojcazaloznik.com\/wp-content\/uploads\/2025\/08\/thumbnail_IMG_0037-225x300.jpg 225w, https:\/\/mojcazaloznik.com\/wp-content\/uploads\/2025\/08\/thumbnail_IMG_0037-1152x1536.jpg 1152w, https:\/\/mojcazaloznik.com\/wp-content\/uploads\/2025\/08\/thumbnail_IMG_0037-9x12.jpg 9w, https:\/\/mojcazaloznik.com\/wp-content\/uploads\/2025\/08\/thumbnail_IMG_0037-600x800.jpg 600w, https:\/\/mojcazaloznik.com\/wp-content\/uploads\/2025\/08\/thumbnail_IMG_0037.jpg 1440w\" sizes=\"auto, (max-width: 768px) 100vw, 768px\" \/><\/figure>\n\n<figure class=\"wp-block-image size-large\"><img loading=\"lazy\" decoding=\"async\" width=\"768\" height=\"1024\" src=\"https:\/\/mojcazaloznik.com\/wp-content\/uploads\/2025\/08\/thumbnail_IMG_0033-768x1024.jpg\" alt=\"\" class=\"wp-image-379\" srcset=\"https:\/\/mojcazaloznik.com\/wp-content\/uploads\/2025\/08\/thumbnail_IMG_0033-768x1024.jpg 768w, https:\/\/mojcazaloznik.com\/wp-content\/uploads\/2025\/08\/thumbnail_IMG_0033-225x300.jpg 225w, https:\/\/mojcazaloznik.com\/wp-content\/uploads\/2025\/08\/thumbnail_IMG_0033-1152x1536.jpg 1152w, https:\/\/mojcazaloznik.com\/wp-content\/uploads\/2025\/08\/thumbnail_IMG_0033-9x12.jpg 9w, https:\/\/mojcazaloznik.com\/wp-content\/uploads\/2025\/08\/thumbnail_IMG_0033-600x800.jpg 600w, https:\/\/mojcazaloznik.com\/wp-content\/uploads\/2025\/08\/thumbnail_IMG_0033.jpg 1440w\" sizes=\"auto, (max-width: 768px) 100vw, 768px\" \/><\/figure>\n\n<figure class=\"wp-block-image size-large\"><img loading=\"lazy\" decoding=\"async\" width=\"768\" height=\"1024\" src=\"https:\/\/mojcazaloznik.com\/wp-content\/uploads\/2025\/08\/thumbnail_IMG_0036-768x1024.jpg\" alt=\"\" class=\"wp-image-380\" srcset=\"https:\/\/mojcazaloznik.com\/wp-content\/uploads\/2025\/08\/thumbnail_IMG_0036-768x1024.jpg 768w, https:\/\/mojcazaloznik.com\/wp-content\/uploads\/2025\/08\/thumbnail_IMG_0036-225x300.jpg 225w, https:\/\/mojcazaloznik.com\/wp-content\/uploads\/2025\/08\/thumbnail_IMG_0036-1152x1536.jpg 1152w, https:\/\/mojcazaloznik.com\/wp-content\/uploads\/2025\/08\/thumbnail_IMG_0036-9x12.jpg 9w, https:\/\/mojcazaloznik.com\/wp-content\/uploads\/2025\/08\/thumbnail_IMG_0036-600x800.jpg 600w, https:\/\/mojcazaloznik.com\/wp-content\/uploads\/2025\/08\/thumbnail_IMG_0036.jpg 1440w\" sizes=\"auto, (max-width: 768px) 100vw, 768px\" \/><\/figure><\/div><div class=\"wp-block-group alignfull has-base-background-color has-background has-global-padding is-layout-constrained wp-container-core-group-is-layout-d89aad35 wp-block-group-is-layout-constrained\" style=\"margin-top:0;margin-bottom:0;padding-top:var(--wp--preset--spacing--50);padding-right:var(--wp--preset--spacing--50);padding-bottom:var(--wp--preset--spacing--50);padding-left:var(--wp--preset--spacing--50)\"><div class=\"wp-block-columns alignwide is-layout-flex wp-container-core-columns-is-layout-549b0c86 wp-block-columns-is-layout-flex\"><div class=\"wp-block-column has-global-padding is-content-justification-left is-layout-constrained wp-container-core-column-is-layout-4f15e8fe wp-block-column-is-layout-constrained\" style=\"flex-basis:40%\"><p>CUREK VODE\/JET OF WATER 2018 Paris\/Francija<\/p><\/div>\n\n<div class=\"wp-block-column is-layout-flow wp-container-core-column-is-layout-119bc444 wp-block-column-is-layout-flow\" style=\"flex-basis:60%\"><figure class=\"wp-block-image size-large\"><img loading=\"lazy\" decoding=\"async\" width=\"1024\" height=\"629\" src=\"https:\/\/mojcazaloznik.com\/wp-content\/uploads\/2025\/08\/20180506_132859-1-1-1-1024x629.jpg\" alt=\"\" class=\"wp-image-301\" srcset=\"https:\/\/mojcazaloznik.com\/wp-content\/uploads\/2025\/08\/20180506_132859-1-1-1-1024x629.jpg 1024w, https:\/\/mojcazaloznik.com\/wp-content\/uploads\/2025\/08\/20180506_132859-1-1-1-300x184.jpg 300w, https:\/\/mojcazaloznik.com\/wp-content\/uploads\/2025\/08\/20180506_132859-1-1-1-768x472.jpg 768w, https:\/\/mojcazaloznik.com\/wp-content\/uploads\/2025\/08\/20180506_132859-1-1-1-1536x944.jpg 1536w, https:\/\/mojcazaloznik.com\/wp-content\/uploads\/2025\/08\/20180506_132859-1-1-1-2048x1258.jpg 2048w, https:\/\/mojcazaloznik.com\/wp-content\/uploads\/2025\/08\/20180506_132859-1-1-1-18x12.jpg 18w, https:\/\/mojcazaloznik.com\/wp-content\/uploads\/2025\/08\/20180506_132859-1-1-1-600x369.jpg 600w\" sizes=\"auto, (max-width: 1024px) 100vw, 1024px\" \/><\/figure><\/div><\/div><\/div><div class=\"wp-block-cover alignfull is-light has-parallax\" style=\"padding-top:var(--wp--preset--spacing--50);padding-right:var(--wp--preset--spacing--50);padding-bottom:var(--wp--preset--spacing--50);padding-left:var(--wp--preset--spacing--50);min-height:100vh;aspect-ratio:unset;\"><div class=\"wp-block-cover__image-background wp-image-194 size-full has-parallax\" style=\"background-position:50% 50%;background-image:url(https:\/\/mojcazaloznik.com\/wp-content\/uploads\/2025\/03\/Tecaj-risanja-Ljubljana-5.png-1024x1024-.png)\"><\/div><span aria-hidden=\"true\" class=\"wp-block-cover__background has-base-background-color has-background-dim-0 has-background-dim\"><\/span><div class=\"wp-block-cover__inner-container has-global-padding is-layout-constrained wp-container-core-cover-is-layout-e4fd886c wp-block-cover-is-layout-constrained\"><div style=\"height:500px\" aria-hidden=\"true\" class=\"wp-block-spacer\"><\/div><\/div><\/div><div class=\"wp-block-group alignfull has-base-2-color has-contrast-background-color has-text-color has-background has-link-color wp-elements-7d161cbec0316d3b654d2466d515ff2b has-global-padding is-layout-constrained wp-container-core-group-is-layout-facafb6f wp-block-group-is-layout-constrained\" style=\"margin-top:0;margin-bottom:0;padding-top:var(--wp--preset--spacing--50);padding-right:var(--wp--preset--spacing--50);padding-bottom:var(--wp--preset--spacing--50);padding-left:var(--wp--preset--spacing--50)\"><\/div>","protected":false},"excerpt":{"rendered":"<p>ZVITEK NESKON\u010cNOSTI 2007 Pef (Pedago\u0161ka fakulteta)Gre za 50 m dolgo rolo papirja prvotno namenjeno za\u0161\u010diti tal pri pleskanju. Rolo sem uporabila, da sem nanjo z ogljem narisala razli\u010dne \u010drtne forme, ki spominjajo na telo. Vmes med njimi je prazen prostor. Rola je prikazana razgrnjena. Asociira na mrtva\u0161ki ples v cerkvi v Hrastovljah, kjer se naslikane [&hellip;]<\/p>\n","protected":false},"author":1,"featured_media":0,"parent":0,"menu_order":0,"comment_status":"closed","ping_status":"closed","template":"","meta":{"footnotes":""},"class_list":["post-370","page","type-page","status-publish","hentry"],"yoast_head":"<!-- This site is optimized with the Yoast SEO plugin v24.6 - https:\/\/yoast.com\/wordpress\/plugins\/seo\/ -->\n<title>Risbe\/Drawings - mojcazaloznik.com<\/title>\n<meta name=\"robots\" content=\"index, follow, max-snippet:-1, max-image-preview:large, max-video-preview:-1\" \/>\n<link rel=\"canonical\" href=\"https:\/\/mojcazaloznik.com\/?page_id=370\" \/>\n<meta property=\"og:locale\" content=\"en_US\" \/>\n<meta property=\"og:type\" content=\"article\" \/>\n<meta property=\"og:title\" content=\"Risbe\/Drawings - mojcazaloznik.com\" \/>\n<meta property=\"og:description\" content=\"ZVITEK NESKON\u010cNOSTI 2007 Pef (Pedago\u0161ka fakulteta)Gre za 50 m dolgo rolo papirja prvotno namenjeno za\u0161\u010diti tal pri pleskanju. Rolo sem uporabila, da sem nanjo z ogljem narisala razli\u010dne \u010drtne forme, ki spominjajo na telo. Vmes med njimi je prazen prostor. Rola je prikazana razgrnjena. Asociira na mrtva\u0161ki ples v cerkvi v Hrastovljah, kjer se naslikane [&hellip;]\" \/>\n<meta property=\"og:url\" content=\"https:\/\/mojcazaloznik.com\/?page_id=370\" \/>\n<meta property=\"og:site_name\" content=\"mojcazaloznik.com\" \/>\n<meta property=\"article:modified_time\" content=\"2025-08-27T21:02:21+00:00\" \/>\n<meta property=\"og:image\" content=\"https:\/\/mojcazaloznik.com\/wp-content\/uploads\/2025\/08\/thumbnail_IMG_0042.jpg\" \/>\n\t<meta property=\"og:image:width\" content=\"1920\" \/>\n\t<meta property=\"og:image:height\" content=\"1314\" \/>\n\t<meta property=\"og:image:type\" content=\"image\/jpeg\" \/>\n<meta name=\"twitter:card\" content=\"summary_large_image\" \/>\n<meta name=\"twitter:label1\" content=\"Est. reading time\" \/>\n\t<meta name=\"twitter:data1\" content=\"3 minutes\" \/>\n<script type=\"application\/ld+json\" class=\"yoast-schema-graph\">{\"@context\":\"https:\/\/schema.org\",\"@graph\":[{\"@type\":\"WebPage\",\"@id\":\"https:\/\/mojcazaloznik.com\/?page_id=370\",\"url\":\"https:\/\/mojcazaloznik.com\/?page_id=370\",\"name\":\"Risbe\/Drawings - mojcazaloznik.com\",\"isPartOf\":{\"@id\":\"https:\/\/mojcazaloznik.com\/#website\"},\"primaryImageOfPage\":{\"@id\":\"https:\/\/mojcazaloznik.com\/?page_id=370#primaryimage\"},\"image\":{\"@id\":\"https:\/\/mojcazaloznik.com\/?page_id=370#primaryimage\"},\"thumbnailUrl\":\"https:\/\/mojcazaloznik.com\/wp-content\/uploads\/2025\/08\/thumbnail_IMG_0042-1024x701.jpg\",\"datePublished\":\"2025-08-15T15:20:30+00:00\",\"dateModified\":\"2025-08-27T21:02:21+00:00\",\"breadcrumb\":{\"@id\":\"https:\/\/mojcazaloznik.com\/?page_id=370#breadcrumb\"},\"inLanguage\":\"en-US\",\"potentialAction\":[{\"@type\":\"ReadAction\",\"target\":[\"https:\/\/mojcazaloznik.com\/?page_id=370\"]}]},{\"@type\":\"ImageObject\",\"inLanguage\":\"en-US\",\"@id\":\"https:\/\/mojcazaloznik.com\/?page_id=370#primaryimage\",\"url\":\"https:\/\/mojcazaloznik.com\/wp-content\/uploads\/2025\/08\/thumbnail_IMG_0042.jpg\",\"contentUrl\":\"https:\/\/mojcazaloznik.com\/wp-content\/uploads\/2025\/08\/thumbnail_IMG_0042.jpg\",\"width\":1920,\"height\":1314},{\"@type\":\"BreadcrumbList\",\"@id\":\"https:\/\/mojcazaloznik.com\/?page_id=370#breadcrumb\",\"itemListElement\":[{\"@type\":\"ListItem\",\"position\":1,\"name\":\"Home\",\"item\":\"https:\/\/mojcazaloznik.com\/\"},{\"@type\":\"ListItem\",\"position\":2,\"name\":\"Risbe\/Drawings\"}]},{\"@type\":\"WebSite\",\"@id\":\"https:\/\/mojcazaloznik.com\/#website\",\"url\":\"https:\/\/mojcazaloznik.com\/\",\"name\":\"mojcazaloznik.com\",\"description\":\"Bioart\",\"publisher\":{\"@id\":\"https:\/\/mojcazaloznik.com\/#organization\"},\"potentialAction\":[{\"@type\":\"SearchAction\",\"target\":{\"@type\":\"EntryPoint\",\"urlTemplate\":\"https:\/\/mojcazaloznik.com\/?s={search_term_string}\"},\"query-input\":{\"@type\":\"PropertyValueSpecification\",\"valueRequired\":true,\"valueName\":\"search_term_string\"}}],\"inLanguage\":\"en-US\"},{\"@type\":\"Organization\",\"@id\":\"https:\/\/mojcazaloznik.com\/#organization\",\"name\":\"mojcazaloznik.com\",\"url\":\"https:\/\/mojcazaloznik.com\/\",\"logo\":{\"@type\":\"ImageObject\",\"inLanguage\":\"en-US\",\"@id\":\"https:\/\/mojcazaloznik.com\/#\/schema\/logo\/image\/\",\"url\":\"https:\/\/mojcazaloznik.com\/wp-content\/uploads\/2025\/03\/KOLO2-2.png\",\"contentUrl\":\"https:\/\/mojcazaloznik.com\/wp-content\/uploads\/2025\/03\/KOLO2-2.png\",\"width\":752,\"height\":500,\"caption\":\"mojcazaloznik.com\"},\"image\":{\"@id\":\"https:\/\/mojcazaloznik.com\/#\/schema\/logo\/image\/\"}}]}<\/script>\n<!-- \/ Yoast SEO plugin. -->","yoast_head_json":{"title":"Risbe\/Drawings - mojcazaloznik.com","robots":{"index":"index","follow":"follow","max-snippet":"max-snippet:-1","max-image-preview":"max-image-preview:large","max-video-preview":"max-video-preview:-1"},"canonical":"https:\/\/mojcazaloznik.com\/?page_id=370","og_locale":"en_US","og_type":"article","og_title":"Risbe\/Drawings - mojcazaloznik.com","og_description":"ZVITEK NESKON\u010cNOSTI 2007 Pef (Pedago\u0161ka fakulteta)Gre za 50 m dolgo rolo papirja prvotno namenjeno za\u0161\u010diti tal pri pleskanju. Rolo sem uporabila, da sem nanjo z ogljem narisala razli\u010dne \u010drtne forme, ki spominjajo na telo. Vmes med njimi je prazen prostor. Rola je prikazana razgrnjena. Asociira na mrtva\u0161ki ples v cerkvi v Hrastovljah, kjer se naslikane [&hellip;]","og_url":"https:\/\/mojcazaloznik.com\/?page_id=370","og_site_name":"mojcazaloznik.com","article_modified_time":"2025-08-27T21:02:21+00:00","og_image":[{"width":1920,"height":1314,"url":"https:\/\/mojcazaloznik.com\/wp-content\/uploads\/2025\/08\/thumbnail_IMG_0042.jpg","type":"image\/jpeg"}],"twitter_card":"summary_large_image","twitter_misc":{"Est. reading time":"3 minutes"},"schema":{"@context":"https:\/\/schema.org","@graph":[{"@type":"WebPage","@id":"https:\/\/mojcazaloznik.com\/?page_id=370","url":"https:\/\/mojcazaloznik.com\/?page_id=370","name":"Risbe\/Drawings - mojcazaloznik.com","isPartOf":{"@id":"https:\/\/mojcazaloznik.com\/#website"},"primaryImageOfPage":{"@id":"https:\/\/mojcazaloznik.com\/?page_id=370#primaryimage"},"image":{"@id":"https:\/\/mojcazaloznik.com\/?page_id=370#primaryimage"},"thumbnailUrl":"https:\/\/mojcazaloznik.com\/wp-content\/uploads\/2025\/08\/thumbnail_IMG_0042-1024x701.jpg","datePublished":"2025-08-15T15:20:30+00:00","dateModified":"2025-08-27T21:02:21+00:00","breadcrumb":{"@id":"https:\/\/mojcazaloznik.com\/?page_id=370#breadcrumb"},"inLanguage":"en-US","potentialAction":[{"@type":"ReadAction","target":["https:\/\/mojcazaloznik.com\/?page_id=370"]}]},{"@type":"ImageObject","inLanguage":"en-US","@id":"https:\/\/mojcazaloznik.com\/?page_id=370#primaryimage","url":"https:\/\/mojcazaloznik.com\/wp-content\/uploads\/2025\/08\/thumbnail_IMG_0042.jpg","contentUrl":"https:\/\/mojcazaloznik.com\/wp-content\/uploads\/2025\/08\/thumbnail_IMG_0042.jpg","width":1920,"height":1314},{"@type":"BreadcrumbList","@id":"https:\/\/mojcazaloznik.com\/?page_id=370#breadcrumb","itemListElement":[{"@type":"ListItem","position":1,"name":"Home","item":"https:\/\/mojcazaloznik.com\/"},{"@type":"ListItem","position":2,"name":"Risbe\/Drawings"}]},{"@type":"WebSite","@id":"https:\/\/mojcazaloznik.com\/#website","url":"https:\/\/mojcazaloznik.com\/","name":"mojcazaloznik.com","description":"Bioart","publisher":{"@id":"https:\/\/mojcazaloznik.com\/#organization"},"potentialAction":[{"@type":"SearchAction","target":{"@type":"EntryPoint","urlTemplate":"https:\/\/mojcazaloznik.com\/?s={search_term_string}"},"query-input":{"@type":"PropertyValueSpecification","valueRequired":true,"valueName":"search_term_string"}}],"inLanguage":"en-US"},{"@type":"Organization","@id":"https:\/\/mojcazaloznik.com\/#organization","name":"mojcazaloznik.com","url":"https:\/\/mojcazaloznik.com\/","logo":{"@type":"ImageObject","inLanguage":"en-US","@id":"https:\/\/mojcazaloznik.com\/#\/schema\/logo\/image\/","url":"https:\/\/mojcazaloznik.com\/wp-content\/uploads\/2025\/03\/KOLO2-2.png","contentUrl":"https:\/\/mojcazaloznik.com\/wp-content\/uploads\/2025\/03\/KOLO2-2.png","width":752,"height":500,"caption":"mojcazaloznik.com"},"image":{"@id":"https:\/\/mojcazaloznik.com\/#\/schema\/logo\/image\/"}}]}},"_links":{"self":[{"href":"https:\/\/mojcazaloznik.com\/index.php?rest_route=\/wp\/v2\/pages\/370","targetHints":{"allow":["GET"]}}],"collection":[{"href":"https:\/\/mojcazaloznik.com\/index.php?rest_route=\/wp\/v2\/pages"}],"about":[{"href":"https:\/\/mojcazaloznik.com\/index.php?rest_route=\/wp\/v2\/types\/page"}],"author":[{"embeddable":true,"href":"https:\/\/mojcazaloznik.com\/index.php?rest_route=\/wp\/v2\/users\/1"}],"replies":[{"embeddable":true,"href":"https:\/\/mojcazaloznik.com\/index.php?rest_route=%2Fwp%2Fv2%2Fcomments&post=370"}],"version-history":[{"count":5,"href":"https:\/\/mojcazaloznik.com\/index.php?rest_route=\/wp\/v2\/pages\/370\/revisions"}],"predecessor-version":[{"id":797,"href":"https:\/\/mojcazaloznik.com\/index.php?rest_route=\/wp\/v2\/pages\/370\/revisions\/797"}],"wp:attachment":[{"href":"https:\/\/mojcazaloznik.com\/index.php?rest_route=%2Fwp%2Fv2%2Fmedia&parent=370"}],"curies":[{"name":"wp","href":"https:\/\/api.w.org\/{rel}","templated":true}]}}