{"id":2,"date":"2025-03-30T09:19:59","date_gmt":"2025-03-30T09:19:59","guid":{"rendered":"https:\/\/mojcazaloznik.com\/?page_id=2"},"modified":"2025-08-30T00:58:41","modified_gmt":"2025-08-30T00:58:41","slug":"sample-page","status":"publish","type":"page","link":"https:\/\/mojcazaloznik.com\/?page_id=2","title":{"rendered":"\u017divljenjepis\/Curriculum Vitae"},"content":{"rendered":"<p>Mojca Zalo\u017enik (1978, Ljubljana) je vzporedno ob \u0161tudiju mikrobiologije diplomirala iz likovne pedagogike na Pedago\u0161ki fakulteti v Ljubljani. Magistrirala je iz biologije na Biotehni\u0161ki fakulteti v Ljubljani ter iz slikarstva na Akademiji za likovno umetnost in oblikovanje (ALUO) v Ljubljani. Leta 2010\/2011 je kon\u010dala \u0161olo za kustose in kuratorje sodobne umetnosti pri SCCA.&nbsp;Ukvarja se z na\u010dinom, kako znanost pristopa do realnosti in s problemi, ki nastanejo, ker se z neizmerljivim in neskon\u010dnim ne more ukvarjati na tak na\u010din, kot se lahko umetnost. Njene instalacije, pogosto izdelane iz porcelana in povezane s tehnologijo ter mikrobiologijo, so bile predstavljene na razli\u010dnih razstavi\u0161\u010dih, med drugim v Galeriji Kapelica v Ljubljani, v okviru \u010cipk v Muzeju sodobne umetnosti Metelkova (MSUM) v Ljubljani, na Mednarodnem festivalu ra\u010dunalni\u0161ke umetnosti (MFRU) v Mariboru in na festivalu Ars Electronica v Linzu.<\/p><p><strong>RAZSTAVE<\/strong><\/p><p>UGM: 25.3. 2025 27. 3. 2025 PREZENTACIJA UMETNI\u0160KIH \/ ARHITEKTURNIH INTERVENCIJ ZA RA\u010cJI DVOR:&nbsp;<a href=\"https:\/\/www.ugm.si\/DOGODKI\/PREZENTACIJA-UMETNISKIH-ARHITEKTURNIH-INTERVENCIJ-ZA-RACJI-DVOR-5620\/\">HTTPS:\/\/WWW.UGM.SI\/DOGODKI\/PREZENTACIJA-UMETNISKIH-ARHITEKTURNIH-INTERVENCIJ-ZA-RACJI-DVOR-5620\/<\/a>; posebna omemba \u017eirije<\/p><p>PRELET: \u0160tudentje ALUO, Smer Unikatno oblikovanje\/steklo in keramika; 8.5.&nbsp;&nbsp;&nbsp;2024 do 6.6.2024<\/p><p>ANATOMIJA BELINE.&nbsp;Majda Gregori\u010d, Nina Ko\u017eelj, Jana Outrata in Mojca Zalo\u017enik.&nbsp;&nbsp;9.9. -21-10. 2023 Galerija Pre\u010dna, Kamnik.&nbsp; &nbsp;&nbsp;<\/p><p>SPREGLEDANO.&nbsp;<a href=\"https:\/\/razume.mg-lj.si\/razstava.php?id=2802023\">\u0160tudentje ALUO, Smer Unikatno oblikovanje\/steklo in keramika<\/a>.&nbsp;&nbsp;&nbsp;Maribor. Media Nox. 24.5. 7.6.2023<\/p><p><a href=\"https:\/\/razume.mg-lj.si\/razstava.php?id=7492006\">4. MEDNARDONI FESTIVAL METAMORFOZE<\/a>, PARK TIVOLI, LJUBLJANA, SLOVENIJA, 01.07.2006 \u2022 17.09.2006<\/p><p><a href=\"https:\/\/razume.mg-lj.si\/razstava.php?id=2802023\">PRE-TOK. \u0160tudentje ALUO, Smer Unikatno oblikovanje\/stejko in keramika in dijakov \u0160CRS [Salon Roga\u0161ka Slatina]<\/a>, LJUBLJANA, SLOVENIJA, &nbsp; &nbsp;09.03.2023 \u2022 24.03.2023&nbsp;[zlo\u017eenka]<\/p><p><a href=\"https:\/\/razume.mg-lj.si\/razstava.php?id=12632019\">MOJCA ZALO\u017dNIK in GREGOR KRPI\u010c: Mejna nedolo\u010dnost<\/a>, GALERIJA KAPELICA (LIKOZARJEVA 1), LJUBLJANA, SLOVENIJA, 24.10.2019 \u2022 30.11.2019<\/p><p><a href=\"https:\/\/razume.mg-lj.si\/razstava.php?id=12402019\">25. festival ra\u010dunalni\u0161ke umetnosti MFRU \/ 25th International Festival of Computer Arts IFCA<\/a>, MARIBOR, SLOVENIJA, 11.10.2019 \u2022 18.10.2019&nbsp;[katalog]<\/p><p><a href=\"https:\/\/razume.mg-lj.si\/razstava.php?id=15542018\">MOJCA ZALO\u017dNIK. Zvezna so\u010dasnost<\/a>, LABORATORIJ BIO TEHNA, LJUBLJANA, SLOVENIJA, 20.12.2018 \u2022 2019<\/p><p><a href=\"https:\/\/razume.mg-lj.si\/razstava.php?id=12752018\">MESTA TRAJNOSTI. PAVILJONI, MANIFESTI IN KRIPTE \/ Cities of Sustainability. Pavilions, Manifestos and Crypts<\/a>, MUZEJ SODOBNE UMETNOSTI METELKOVA, LJUBLJANA, SLOVENIJA, 15.11.2018 \u2022 17.02.2019<\/p><p><a href=\"https:\/\/razume.mg-lj.si\/razstava.php?id=9302018\">ARS ELECTRONICA 2018. ERROR. The Art of Imperfection<\/a>, ARS ELECTRONICA QUARTER, LINZ, AVSTRIJA \/AUSTRIA, 06.09.2018 \u2022 10.09.2018&nbsp;[katalog]<\/p><p><a href=\"https:\/\/razume.mg-lj.si\/razstava.php?id=4692017\">MOJCA ZALO\u017dNIK: Neskon\u010dna vmesnost<\/a>, GALERIJA KAPELICA (LIKOZARJEVA 1), LJUBLJANA, SLOVENIJA, 25.04.2017 \u2022 2017<\/p><p><a href=\"https:\/\/razume.mg-lj.si\/razstava.php?id=15502015\">HAIP Park 2015 (Rampa in Biotehna). \u0160trene<\/a>, GALERIJA KAPELICA (LIKOZARJEVA 1), LJUBLJANA, SLOVENIJA, 11.12.2015 \u2022 11.01.2016<\/p><p><a href=\"https:\/\/razume.mg-lj.si\/razstava.php?id=11762015\">MESTO \u017dENSK 2015. CIK CAK ZIG ZAG<\/a>, GALERIJA \u0160KUC, LJUBLJANA, SLOVENIJA, 05.10.2015 \u2022 25.10.2015&nbsp;[zlo\u017eenka]<\/p><p><a href=\"https:\/\/razume.mg-lj.si\/razstava.php?id=12752008\">FRUCTUS IGNIS: MOJCA ZALO\u017dNIK<\/a>, GALERIJA MEDUZA II, PIRAN, SLOVENIJA, 11.09.2008 \u2022 09.10.2008<\/p><p><a href=\"https:\/\/razume.mg-lj.si\/razstava.php?id=7762008\">MOJCA ZALO\u017dNIK<\/a>, MLADINSKI CENTER KOTLOVNICA, KAMNIK, SLOVENIJA, 28.05.2008 \u2022 2008<\/p><p><a href=\"https:\/\/razume.mg-lj.si\/razstava.php?id=19962008\">MOJCA ZALO\u017dNIK<\/a>, GALERIJA PEF\/PEDAGO\u0160KE FAKULT., LJUBLJANA, SLOVENIJA, 04.04.2008 \u2022 18.04.2008<\/p><p><a href=\"https:\/\/razume.mg-lj.si\/razstava.php?id=11602007\">1 + 2 \/ PROFESORJI IN \u0160TUDENTI<\/a>, PEDAGO\u0160KA AKADEMIJA\/FAKULTETA LJ, LJUBLJANA, SLOVENIJA, 2007 \u2022 28.09.2007<\/p><p><a href=\"https:\/\/razume.mg-lj.si\/razstava.php?id=8862007\">\u0160TUDENTSKE POLETNE PREMIERE 2007. MOJCA ZALO\u017dNIK<\/a>, GALERIJA SODOBNE UMETNOSTI, CELJE, SLOVENIJA, 03.07.2007 \u2022 15.07.2007&nbsp;[zlo\u017eenka]<\/p><p><a href=\"https:\/\/razume.mg-lj.si\/razstava.php?id=14412006\">F18 INSTITUTE: STEFAN DOEPNER. REALITY LOG\/ENVIRONMENTAL SCAN<\/a>, GALERIJA PRU\u0160NIKOVA 74, LJUBLJANA, SLOVENIJA, 21.11.2006 \u2022 01.12.2006<\/p><p><strong>Curriculum Vitae<\/strong><\/p><p>Mojca Zalo\u017enik (1978, Ljubljana) graduated in art pedagogy at the Faculty of Education in Ljubljana while studying microbiology. She holds a master&#8217;s degree in biology from the Biotechnical Faculty in Ljubljana and a master&#8217;s degree in painting from the Academy of Fine Arts and Design (ALUO) in Ljubljana. In 2010\/2011, she graduated from the School for Curators of Contemporary Art at SCCA. She deals with the way science approaches reality and with the problems that arise because it cannot deal with the immeasurable and infinite in the way that art can. Her installations, often made of porcelain and related to technology and microbiology, have been presented at various exhibition venues, including the Kapelica Gallery in Ljubljana, as part of Lace at the Metelkova Museum of Contemporary Art (MSUM) in Ljubljana, at the International Festival of Computer Art (MFRU) in Maribor, and at the Ars Electronica Festival in Linz.<\/p><p><\/p><p><strong>EXHIBITIONS<\/strong><\/p><p>UGM: 25.3. 2025 27. 3. 2025 PRESENTATION OF ARTISTIC \/ ARCHITECTURAL INTERVENTIONS FOR RA\u010cJI DVOR: HTTPS:\/\/WWW.UGM.SI\/DOGODKI\/PREZENTACIJA-UMETNISKIH-ARHITEKTURNIH-INTERVENCIJ-ZA-RACJI-DVOR-5620\/<\/p><p>OVERFLOW: Students of ALUO, Department of Unique Design\/Glass and Ceramics; 8.5. 2024 to 6.6.2024<\/p><p>ANATOMY OF WHITE. Majda Gregori\u010d, Nina Ko\u017eelj, Jana Outrata and Mojca Zalo\u017enik. 9.9. -21-10. 2023 Pre\u010dna Gallery, Kamnik.<br>VIEWED. Students of ALUO, Department of Unique Design\/Glass and Ceramics. Maribor. Media Nox. 24.5. 7.6.2023<\/p><p>PRE-TOK. Students of ALUO, Department of Unique Design\/Stacking and Ceramics and students of \u0160CRS [Salon Roga\u0161ka Slatina], LJUBLJANA, SLOVENIA, 09.03.2023 \u2022 24.03.2023 [leaflet]<\/p><p>MOJCA ZALO\u017dNIK and GREGOR KRPI\u010c: Boundary Indeterminacy, GALERIJA KAPELICA (LIKOZARJEVA 1), LJUBLJANA, SLOVENIA, 24.10.2019 \u2022 30.11.2019<\/p><p>25th International Festival of Computer Arts IFCA, MARIBOR, SLOVENIA, 11.10.2019 \u2022 18.10.2019 [catalog]<\/p><p>MOJCA ZALO\u017dNIK. Federal Concurrency, BIO TEHNA LABORATORY, LJUBLJANA, SLOVENIA, 20.12.2018 \u2022 2019<\/p><p>CITIES OF SUSTAINABILITY. PAVILIONS, Manifestos and Crypts \/ Cities of Sustainability. Pavilions, Manifestos and Crypts, METELKOV MUSEUM OF CONTEMPORARY ART, LJUBLJANA, SLOVENIA, 15.11.2018 \u2022 17.02.2019<\/p><p>ARS ELECTRONICA 2018. ERROR. The Art of Imperfection, ARS ELECTRONICA QUARTER, LINZ, AUSTRIA, 06.09.2018 \u2022 10.09.2018 [catalog]<\/p><p>MOJCA ZALO\u017dNIK: Infinite In-Betweenn, GALERIJA KAPELICA (LIKOZARJEVA 1), LJUBLJANA, SLOVENIA, 25.04.2017 \u2022 2017<\/p><p>HAIP Park 2015 (Rampa and Biotehna). \u0160trene, GALLERY KAPELICA (LIKOZARJEVA 1), LJUBLJANA, SLOVENIA, 11.12.2015 \u2022 11.01.2016<\/p><p>CITY OF WOMEN 2015. CIK CAK ZIG ZAG, GALLERY \u0160KUC, LJUBLJANA, SLOVENIA, 05.10.2015 \u2022 25.10.2015 [leaflet]<\/p><p>FRUCTUS IGNIS: MOJCA ZALO\u017dNIK, GALLERY MEDUZA II, PIRAN, SLOVENIA, 11.09.2008 \u2022 09.10.2008<\/p><p>MOJCA ZALO\u017dNIK, YOUTH CENTER KOTLOVNICA, KANMIK, SLOVENIA, 28.05.2008 \u2022 2008<\/p><p>MOJCA ZALO\u017dNIK, GALLERY PEF\/FACULTY OF EDUCATION, LJUBLJANA, SLOVENIA, 04.04.2008 \u2022 18.04.2008<\/p><p>1 + 2 \/ PROFESSORS AND STUDENTS, PEDAGOGICAL ACADEMY\/FACULTY OF LJ, LJUBLJANA, SLOVENIA, 2007 \u2022 28.09.2007<\/p><p>STUDENT SUMMER PREMIERES 2007. MOJCA PUBLISHER, GALLERY OF CONTEMPORARY ART, CELJE, SLOVENIA, 03.07.2007 \u2022 15.07.2007 [leaflet]<\/p><p>F18 INSTITUTE: STEFAN DOEPNER. REALITY LOG\/ENVIRONMENTAL SCAN, GALERIJA PRU\u0160NIKOVA 74, LJUBLJANA, SLOVENIA, 21.11.2006 \u2022 01.12.2006<\/p><p>4TH INTERNATIONAL FESTIVAL OF METAMORPHOSE, PARK TIVOLI, LJUBLJANA, SLOVENIA, 01.07.2006 \u2022 17.09.2006<\/p><p><\/p><p>Mojca Zalo\u017enik<\/p><p>mail: mojcazaloznik@hotmail.com<\/p><p>gsm: +38631341274<\/p><p>Ljubljana, Slovenija<\/p><p><\/p><p><\/p>","protected":false},"excerpt":{"rendered":"<p>Mojca Zalo\u017enik (1978, Ljubljana) je vzporedno ob \u0161tudiju mikrobiologije diplomirala iz likovne pedagogike na Pedago\u0161ki fakulteti v Ljubljani. Magistrirala je iz biologije na Biotehni\u0161ki fakulteti v Ljubljani ter iz slikarstva na Akademiji za likovno umetnost in oblikovanje (ALUO) v Ljubljani. Leta 2010\/2011 je kon\u010dala \u0161olo za kustose in kuratorje sodobne umetnosti pri SCCA.&nbsp;Ukvarja se z [&hellip;]<\/p>\n","protected":false},"author":1,"featured_media":0,"parent":0,"menu_order":0,"comment_status":"closed","ping_status":"open","template":"","meta":{"footnotes":""},"class_list":["post-2","page","type-page","status-publish","hentry"],"yoast_head":"<!-- This site is optimized with the Yoast SEO plugin v24.6 - https:\/\/yoast.com\/wordpress\/plugins\/seo\/ -->\n<title>\u017divljenjepis\/Curriculum Vitae - mojcazaloznik.com<\/title>\n<meta name=\"robots\" content=\"index, follow, max-snippet:-1, max-image-preview:large, max-video-preview:-1\" \/>\n<link rel=\"canonical\" href=\"https:\/\/mojcazaloznik.com\/?page_id=2\" \/>\n<meta property=\"og:locale\" content=\"en_US\" \/>\n<meta property=\"og:type\" content=\"article\" \/>\n<meta property=\"og:title\" content=\"\u017divljenjepis\/Curriculum Vitae - mojcazaloznik.com\" \/>\n<meta property=\"og:description\" content=\"Mojca Zalo\u017enik (1978, Ljubljana) je vzporedno ob \u0161tudiju mikrobiologije diplomirala iz likovne pedagogike na Pedago\u0161ki fakulteti v Ljubljani. Magistrirala je iz biologije na Biotehni\u0161ki fakulteti v Ljubljani ter iz slikarstva na Akademiji za likovno umetnost in oblikovanje (ALUO) v Ljubljani. Leta 2010\/2011 je kon\u010dala \u0161olo za kustose in kuratorje sodobne umetnosti pri SCCA.&nbsp;Ukvarja se z [&hellip;]\" \/>\n<meta property=\"og:url\" content=\"https:\/\/mojcazaloznik.com\/?page_id=2\" \/>\n<meta property=\"og:site_name\" content=\"mojcazaloznik.com\" \/>\n<meta property=\"article:modified_time\" content=\"2025-08-30T00:58:41+00:00\" \/>\n<meta name=\"twitter:card\" content=\"summary_large_image\" \/>\n<meta name=\"twitter:label1\" content=\"Est. reading time\" \/>\n\t<meta name=\"twitter:data1\" content=\"4 minutes\" \/>\n<script type=\"application\/ld+json\" class=\"yoast-schema-graph\">{\"@context\":\"https:\/\/schema.org\",\"@graph\":[{\"@type\":\"WebPage\",\"@id\":\"https:\/\/mojcazaloznik.com\/?page_id=2\",\"url\":\"https:\/\/mojcazaloznik.com\/?page_id=2\",\"name\":\"\u017divljenjepis\/Curriculum Vitae - mojcazaloznik.com\",\"isPartOf\":{\"@id\":\"https:\/\/mojcazaloznik.com\/#website\"},\"datePublished\":\"2025-03-30T09:19:59+00:00\",\"dateModified\":\"2025-08-30T00:58:41+00:00\",\"breadcrumb\":{\"@id\":\"https:\/\/mojcazaloznik.com\/?page_id=2#breadcrumb\"},\"inLanguage\":\"en-US\",\"potentialAction\":[{\"@type\":\"ReadAction\",\"target\":[\"https:\/\/mojcazaloznik.com\/?page_id=2\"]}]},{\"@type\":\"BreadcrumbList\",\"@id\":\"https:\/\/mojcazaloznik.com\/?page_id=2#breadcrumb\",\"itemListElement\":[{\"@type\":\"ListItem\",\"position\":1,\"name\":\"Home\",\"item\":\"https:\/\/mojcazaloznik.com\/\"},{\"@type\":\"ListItem\",\"position\":2,\"name\":\"\u017divljenjepis\/Curriculum Vitae\"}]},{\"@type\":\"WebSite\",\"@id\":\"https:\/\/mojcazaloznik.com\/#website\",\"url\":\"https:\/\/mojcazaloznik.com\/\",\"name\":\"mojcazaloznik.com\",\"description\":\"Bioart\",\"publisher\":{\"@id\":\"https:\/\/mojcazaloznik.com\/#organization\"},\"potentialAction\":[{\"@type\":\"SearchAction\",\"target\":{\"@type\":\"EntryPoint\",\"urlTemplate\":\"https:\/\/mojcazaloznik.com\/?s={search_term_string}\"},\"query-input\":{\"@type\":\"PropertyValueSpecification\",\"valueRequired\":true,\"valueName\":\"search_term_string\"}}],\"inLanguage\":\"en-US\"},{\"@type\":\"Organization\",\"@id\":\"https:\/\/mojcazaloznik.com\/#organization\",\"name\":\"mojcazaloznik.com\",\"url\":\"https:\/\/mojcazaloznik.com\/\",\"logo\":{\"@type\":\"ImageObject\",\"inLanguage\":\"en-US\",\"@id\":\"https:\/\/mojcazaloznik.com\/#\/schema\/logo\/image\/\",\"url\":\"https:\/\/mojcazaloznik.com\/wp-content\/uploads\/2025\/03\/KOLO2-2.png\",\"contentUrl\":\"https:\/\/mojcazaloznik.com\/wp-content\/uploads\/2025\/03\/KOLO2-2.png\",\"width\":752,\"height\":500,\"caption\":\"mojcazaloznik.com\"},\"image\":{\"@id\":\"https:\/\/mojcazaloznik.com\/#\/schema\/logo\/image\/\"}}]}<\/script>\n<!-- \/ Yoast SEO plugin. -->","yoast_head_json":{"title":"\u017divljenjepis\/Curriculum Vitae - mojcazaloznik.com","robots":{"index":"index","follow":"follow","max-snippet":"max-snippet:-1","max-image-preview":"max-image-preview:large","max-video-preview":"max-video-preview:-1"},"canonical":"https:\/\/mojcazaloznik.com\/?page_id=2","og_locale":"en_US","og_type":"article","og_title":"\u017divljenjepis\/Curriculum Vitae - mojcazaloznik.com","og_description":"Mojca Zalo\u017enik (1978, Ljubljana) je vzporedno ob \u0161tudiju mikrobiologije diplomirala iz likovne pedagogike na Pedago\u0161ki fakulteti v Ljubljani. Magistrirala je iz biologije na Biotehni\u0161ki fakulteti v Ljubljani ter iz slikarstva na Akademiji za likovno umetnost in oblikovanje (ALUO) v Ljubljani. Leta 2010\/2011 je kon\u010dala \u0161olo za kustose in kuratorje sodobne umetnosti pri SCCA.&nbsp;Ukvarja se z [&hellip;]","og_url":"https:\/\/mojcazaloznik.com\/?page_id=2","og_site_name":"mojcazaloznik.com","article_modified_time":"2025-08-30T00:58:41+00:00","twitter_card":"summary_large_image","twitter_misc":{"Est. reading time":"4 minutes"},"schema":{"@context":"https:\/\/schema.org","@graph":[{"@type":"WebPage","@id":"https:\/\/mojcazaloznik.com\/?page_id=2","url":"https:\/\/mojcazaloznik.com\/?page_id=2","name":"\u017divljenjepis\/Curriculum Vitae - mojcazaloznik.com","isPartOf":{"@id":"https:\/\/mojcazaloznik.com\/#website"},"datePublished":"2025-03-30T09:19:59+00:00","dateModified":"2025-08-30T00:58:41+00:00","breadcrumb":{"@id":"https:\/\/mojcazaloznik.com\/?page_id=2#breadcrumb"},"inLanguage":"en-US","potentialAction":[{"@type":"ReadAction","target":["https:\/\/mojcazaloznik.com\/?page_id=2"]}]},{"@type":"BreadcrumbList","@id":"https:\/\/mojcazaloznik.com\/?page_id=2#breadcrumb","itemListElement":[{"@type":"ListItem","position":1,"name":"Home","item":"https:\/\/mojcazaloznik.com\/"},{"@type":"ListItem","position":2,"name":"\u017divljenjepis\/Curriculum Vitae"}]},{"@type":"WebSite","@id":"https:\/\/mojcazaloznik.com\/#website","url":"https:\/\/mojcazaloznik.com\/","name":"mojcazaloznik.com","description":"Bioart","publisher":{"@id":"https:\/\/mojcazaloznik.com\/#organization"},"potentialAction":[{"@type":"SearchAction","target":{"@type":"EntryPoint","urlTemplate":"https:\/\/mojcazaloznik.com\/?s={search_term_string}"},"query-input":{"@type":"PropertyValueSpecification","valueRequired":true,"valueName":"search_term_string"}}],"inLanguage":"en-US"},{"@type":"Organization","@id":"https:\/\/mojcazaloznik.com\/#organization","name":"mojcazaloznik.com","url":"https:\/\/mojcazaloznik.com\/","logo":{"@type":"ImageObject","inLanguage":"en-US","@id":"https:\/\/mojcazaloznik.com\/#\/schema\/logo\/image\/","url":"https:\/\/mojcazaloznik.com\/wp-content\/uploads\/2025\/03\/KOLO2-2.png","contentUrl":"https:\/\/mojcazaloznik.com\/wp-content\/uploads\/2025\/03\/KOLO2-2.png","width":752,"height":500,"caption":"mojcazaloznik.com"},"image":{"@id":"https:\/\/mojcazaloznik.com\/#\/schema\/logo\/image\/"}}]}},"_links":{"self":[{"href":"https:\/\/mojcazaloznik.com\/index.php?rest_route=\/wp\/v2\/pages\/2","targetHints":{"allow":["GET"]}}],"collection":[{"href":"https:\/\/mojcazaloznik.com\/index.php?rest_route=\/wp\/v2\/pages"}],"about":[{"href":"https:\/\/mojcazaloznik.com\/index.php?rest_route=\/wp\/v2\/types\/page"}],"author":[{"embeddable":true,"href":"https:\/\/mojcazaloznik.com\/index.php?rest_route=\/wp\/v2\/users\/1"}],"replies":[{"embeddable":true,"href":"https:\/\/mojcazaloznik.com\/index.php?rest_route=%2Fwp%2Fv2%2Fcomments&post=2"}],"version-history":[{"count":5,"href":"https:\/\/mojcazaloznik.com\/index.php?rest_route=\/wp\/v2\/pages\/2\/revisions"}],"predecessor-version":[{"id":819,"href":"https:\/\/mojcazaloznik.com\/index.php?rest_route=\/wp\/v2\/pages\/2\/revisions\/819"}],"wp:attachment":[{"href":"https:\/\/mojcazaloznik.com\/index.php?rest_route=%2Fwp%2Fv2%2Fmedia&parent=2"}],"curies":[{"name":"wp","href":"https:\/\/api.w.org\/{rel}","templated":true}]}}